{"id":3830,"date":"2021-03-03T23:28:58","date_gmt":"2021-03-03T22:28:58","guid":{"rendered":"https:\/\/wing42.com\/allgemeine-geschaeftsbedingungen\/"},"modified":"2021-03-03T23:28:58","modified_gmt":"2021-03-03T22:28:58","slug":"allgemeine-geschaeftsbedingungen","status":"publish","type":"page","link":"https:\/\/wing42.com\/de\/allgemeine-geschaeftsbedingungen\/","title":{"rendered":"Allgemeine Gesch\u00e4ftsbedingungen"},"content":{"rendered":"\t\t<div data-elementor-type=\"wp-page\" data-elementor-id=\"3830\" class=\"elementor elementor-3830 elementor-52\" data-elementor-post-type=\"page\">\n\t\t\t\t\t\t<section class=\"elementor-section elementor-top-section elementor-element elementor-element-94db0fe elementor-section-boxed elementor-section-height-default elementor-section-height-default\" data-id=\"94db0fe\" data-element_type=\"section\" data-e-type=\"section\">\n\t\t\t\t\t\t<div class=\"elementor-container elementor-column-gap-default\">\n\t\t\t\t\t<div class=\"elementor-column elementor-col-100 elementor-top-column elementor-element elementor-element-c32d055\" data-id=\"c32d055\" data-element_type=\"column\" data-e-type=\"column\">\n\t\t\t<div class=\"elementor-column-wrap--c32d055 elementor-widget-wrap elementor-element-populated\">\n\t\t\t\t\t\t<div class=\"elementor-element elementor-element-3f07584 elementor-tabs-alignment-center elementor-tabs-view-horizontal elementor-widget elementor-widget-tabs\" data-id=\"3f07584\" data-element_type=\"widget\" data-e-type=\"widget\" data-widget_type=\"tabs.default\">\n\t\t\t\t<div class=\"elementor-widget-container\">\n\t\t\t\t\t\t\t<div class=\"elementor-tabs\">\n\t\t\t<div class=\"elementor-tabs-wrapper\" role=\"tablist\" >\n\t\t\t\t\t\t\t\t\t<div id=\"elementor-tab-title-6601\" class=\"elementor-tab-title elementor-tab-desktop-title\" aria-selected=\"true\" data-tab=\"1\" role=\"tab\" tabindex=\"0\" aria-controls=\"elementor-tab-content-6601\" aria-expanded=\"false\">Allgemeine Gesch\u00e4ftsbedingungen<\/div>\n\t\t\t\t\t\t\t\t\t<div id=\"elementor-tab-title-6602\" class=\"elementor-tab-title elementor-tab-desktop-title\" aria-selected=\"false\" data-tab=\"2\" role=\"tab\" tabindex=\"-1\" aria-controls=\"elementor-tab-content-6602\" aria-expanded=\"false\">EULA<\/div>\n\t\t\t\t\t\t\t<\/div>\n\t\t\t<div class=\"elementor-tabs-content-wrapper\" role=\"tablist\" aria-orientation=\"vertical\">\n\t\t\t\t\t\t\t\t\t<div class=\"elementor-tab-title elementor-tab-mobile-title\" aria-selected=\"true\" data-tab=\"1\" role=\"tab\" tabindex=\"0\" aria-controls=\"elementor-tab-content-6601\" aria-expanded=\"false\">Allgemeine Gesch\u00e4ftsbedingungen<\/div>\n\t\t\t\t\t<div id=\"elementor-tab-content-6601\" class=\"elementor-tab-content elementor-clearfix\" data-tab=\"1\" role=\"tabpanel\" aria-labelledby=\"elementor-tab-title-6601\" tabindex=\"0\" hidden=\"false\"><h6>\u00a7 1 Geltungsbereich und Anbieter<\/h6>\n<p>(1) Diese Allgemeinen Gesch\u00e4ftsbedingungen gelten f\u00fcr alle Bestellungen, die Sie bei dem Online-Shop &#8222;Wing42&#8220; des Einzelunternehmers Otmar Nitsche t\u00e4tigen.<\/p>\n<blockquote>\n<p>Kontakt:<br \/>Wing42<br \/>Otmar Nitsche<br \/>Blumenstr. 28<br \/>02826 G\u00f6rlitz<br \/>Germany<\/p>\n<\/blockquote>\n<p>(2) Das Warenangebot in unserem Online-Shop richtet sich ausschlie\u00dflich an K\u00e4ufer, die das 18. Lebensjahr vollendet haben.<\/p>\n<p>(3) Unsere Lieferungen, Leistungen und Angebote erfolgen ausschlie\u00dflich auf der Grundlage dieser Allgemeinen Gesch\u00e4ftsbedingungen. Die Allgemeinen Gesch\u00e4ftsbedingungen gelten gegen\u00fcber Unternehmen somit auch f\u00fcr alle k\u00fcnftigen Gesch\u00e4ftsbeziehungen, auch wenn sie nicht nochmals ausdr\u00fccklich vereinbart werden. Der Einbeziehung von Allgemeinen Gesch\u00e4ftsbedingungen eines Kunden, die unseren Allgemeinen Gesch\u00e4ftsbedingungen widersprechen, wird schon jetzt widersprochen.<\/p>\n<p>(4) Vertragssprachen sind deutsch und englisch.<\/p>\n<p>(5) Sie k\u00f6nnen die derzeit g\u00fcltigen Allgemeinen Gesch\u00e4ftsbedingungen auf der Website abrufen und ausdrucken.<\/p>\n<h6>\u00a7 2 Vertragsschluss<\/h6>\n<p>(1) Die Warenpr\u00e4sentation im Online-Shop stellt keinen verbindlichen Antrag auf den Abschluss eines Kaufvertrages dar. Vielmehr handelt es sich um eine unverbindliche Aufforderung, im Online-Shop Waren zu bestellen.<\/p>\n<p>(2) Mit Anklicken des Buttons \u201ezahlungspflichtig bestellen\u201c geben Sie ein verbindliches Kaufangebot ab (\u00a7 145 BGB).<\/p>\n<p>(3) Nach Eingang des Kaufangebots erhalten Sie eine automatisch erzeugte E-Mail, mit der wir best\u00e4tigen, dass wir Ihre Bestellung erhalten haben (Eingangsbest\u00e4tigung). Diese Eingangsbest\u00e4tigung stellt noch keine Annahme Ihres Kaufangebots dar. Ein Vertrag kommt durch die Eingangsbest\u00e4tigung noch nicht zustande.<\/p>\n<p>(4) Ein Kaufvertrag \u00fcber die Ware kommt erst zustande, wenn wir ausdr\u00fccklich die Annahme des Kaufangebots erkl\u00e4ren oder wenn wir die Ware \u2013 ohne vorherige ausdr\u00fcckliche Annahmeerkl\u00e4rung \u2013 an Sie versenden.<\/p>\n<h6>\u00a7 3 Preise<\/h6>\n<p>Die auf den Produktseiten genannten Preise enthalten die gesetzliche Mehrwertsteuer und sonstige Preisbestandteile und verstehen sich zzgl. der jeweiligen Versandkosten<\/p>\n<h6>\u00a7 4 Zahlungsbedingungen; Verzug<\/h6>\n<p>(1) Die Zahlung erfolgt wahlweise:<\/p>\n<ul>\n<li>Rechnung per Vorkasse,<\/li>\n<li>Nachname,<\/li>\n<li>Kreditkarte,<\/li>\n<li>PayPal oder<\/li>\n<li>Lastschrift.<\/li>\n<\/ul>\n<p>(2) Bei Auswahl der Zahlungsart Vorkasse nennen wir Ihnen unsere Bankverbindung in der Auftragsbest\u00e4tigung. Der Rechnungsbetrag ist innerhalb von 10 Tagen nach Erhalt der Ware auf unser Konto zu \u00fcberweisen.<\/p>\n<p>(3) Bei Zahlung per Kreditkarte wird der Kaufpreis zum Zeitpunkt der Bestellung auf Ihrer Kreditkarte reserviert (\u201eAutorisierung\u201c). Die tats\u00e4chliche Belastung Ihres Kreditkartenkontos erfolgt in dem Zeitpunkt, in dem wir die Ware an Sie versenden.<\/p>\n<p>(4) Bei Zahlung per Lastschrift haben Sie ggf. jene Kosten zu tragen, die infolge einer R\u00fcckbuchung einer Zahlungstransaktion mangels Kontodeckung oder aufgrund von Ihnen falsch \u00fcbermittelter Daten der Bankverbindung entstehen.<\/p>\n<p>(5) Geraten Sie mit einer Zahlung in Verzug, so sind Sie zur Zahlung der gesetzlichen Verzugszinsen in H\u00f6he von 5 Prozentpunkten \u00fcber dem Basiszinssatz verpflichtet. F\u00fcr jedes Mahnschreiben, das nach Eintritt des Verzugs an Sie versandt wird, wird Ihnen eine Mahngeb\u00fchr in H\u00f6he von 2,50EUR berechnet, sofern nicht im Einzelfall ein niedrigerer bzw. h\u00f6herer Schaden nachgewiesen wird.<\/p>\n<h6>\u00a7 5 Aufrechnungs-\/Zur\u00fcckbehaltungsrecht<\/h6>\n<p>(1) Ein Recht zur Aufrechnung steht Ihnen nur dann zu, wenn Ihre Gegenforderung rechtskr\u00e4ftig festgestellt worden ist, von uns nicht bestritten oder anerkannt wird oder in einem engen synallagmatischen Verh\u00e4ltnis zu unserer Forderung steht.<\/p>\n<p>(2) Sie k\u00f6nnen ein Zur\u00fcckbehaltungsrecht nur aus\u00fcben, soweit Ihre Gegenforderung auf demselben Vertragsverh\u00e4ltnis beruht.<\/p>\n<h6>\u00a7 6 Lieferung; Eigentumsvorbehalt<\/h6>\n<p>(1) Sofern nicht anders vereinbart, erfolgt die Lieferung der Ware von unserem Lager an die von Ihnen angegebene Adresse.<\/p>\n<p>(2) Die Ware bleibt bis zur vollst\u00e4ndigen Zahlung des Kaufpreises unser Eigentum.<\/p>\n<p>(3) Wenn Sie Unternehmer im Sinne des \u00a7 14 BGB sind, gilt erg\u00e4nzend Folgendes:<br \/>&#8211; Wir behalten uns das Eigentum an der Ware bis zum vollst\u00e4ndigen Ausgleich aller Forderungen aus der laufenden Gesch\u00e4ftsbeziehung vor. Vor \u00dcbergang des Eigentums an der Vorbehaltsware ist eine Verpf\u00e4ndung oder Sicherheits\u00fcbereignung nicht zul\u00e4ssig.<br \/>&#8211; Sie d\u00fcrfen die Ware im ordentlichen Gesch\u00e4ftsgang weiterverkaufen. F\u00fcr diesen Fall treten Sie bereits jetzt alle Forderungen in H\u00f6he des Rechnungsbetrages, die Ihnen aus dem Weiterverkauf erwachsen, an uns ab. Wir nehmen die Abtretung an, Sie sind jedoch zur Einziehung der Forderungen erm\u00e4chtigt. Soweit Sie Ihren Zahlungsverpflichtungen nicht ordnungsgem\u00e4\u00df nachkommen, behalten wir uns das Recht vor, Forderungen selbst einzuziehen.<br \/>&#8211; Bei Verbindung und Vermischung der Vorbehaltsware erwerben wir Miteigentum an der neuen Sache im Verh\u00e4ltnis des Rechnungswertes der Vorbehaltsware zu den anderen verarbeiteten Gegenst\u00e4nden zum Zeitpunkt der Verarbeitung.<br \/>&#8211; Wir verpflichteten uns, die uns zustehenden Sicherheiten auf Verlangen insoweit freizugeben, als der realisierbare Wert unserer Sicherheiten die zu sichernden Forderungen um mehr als 10% \u00fcbersteigt. Die Auswahl der freizugebenden Sicherheiten obliegt uns.<\/p>\n<h6>\u00a7 7 Widerrufsbelehrung<\/h6>\n<p>Es gilt unsere Widerufsbelehrung die Sie \u00fcber den Link &#8222;Widerrufsbelehrung&#8220; auf unserer Webseite einsehen k\u00f6nnen.<\/p>\n<h6>\u00a7 8 Transportsch\u00e4den<\/h6>\n<p>(1) Werden Waren mit offensichtlichen Transportsch\u00e4den angeliefert, so reklamieren Sie solche Fehler bitte sofort bei dem Zusteller und nehmen Sie bitte schnellstm\u00f6glich Kontakt zu uns auf.<\/p>\n<p>(2) Die Vers\u00e4umung einer Reklamation oder Kontaktaufnahme hat f\u00fcr Ihre gesetzlichen Gew\u00e4hrleistungsrechte keine Konsequenzen. Sie helfen uns aber, unsere eigenen Anspr\u00fcche gegen\u00fcber dem Frachtf\u00fchrer bzw. der Transportversicherung geltend machen zu k\u00f6nnen.<\/p>\n<h6>\u00a7 9 Gew\u00e4hrleistung<\/h6>\n<p>(1) Soweit nicht ausdr\u00fccklich etwas anderes vereinbart ist, richten sich Ihre Gew\u00e4hrleistungsanspr\u00fcche nach den gesetzlichen Bestimmungen des Kaufrechts (\u00a7\u00a7 433ff. BGB).<\/p>\n<p>(2) Wenn Sie Verbraucher im Sinne des \u00a7 13 BGB sind, betr\u00e4gt die Verj\u00e4hrungsfrist f\u00fcr Gew\u00e4hrleistungsanspr\u00fcche bei gebrauchten Sachen &#8211; abweichend von den gesetzlichen Bestimmungen &#8211; ein Jahr. Diese Beschr\u00e4nkung gilt nicht f\u00fcr Anspr\u00fcche aufgrund von Sch\u00e4den aus der Verletzung des Lebens, des K\u00f6rpers oder der Gesundheit oder aus der Verletzung einer wesentlichen Vertragspflicht, deren Erf\u00fcllung die ordnungsgem\u00e4\u00dfe Durchf\u00fchrung des Vertrags \u00fcberhaupt erst erm\u00f6glicht und auf deren Einhaltung der Vertragspartner regelm\u00e4\u00dfig vertrauen darf (Kardinalpflicht) sowie f\u00fcr Anspr\u00fcche aufgrund von sonstigen Sch\u00e4den, die auf einer vors\u00e4tzlichen oder grob fahrl\u00e4ssigen Pflichtverletzung des Verwenders oder seiner Erf\u00fcllungsgehilfen beruhen.<\/p>\n<p>(3) Im \u00dcbrigen gelten f\u00fcr die Gew\u00e4hrleistung die gesetzlichen Bestimmungen.<\/p>\n<p>(4) Wenn Sie Unternehmer im Sinne des \u00a7 14 BGB sind, gelten die gesetzlichen Bestimmungen mit folgenden Modifikationen:<br \/>&#8211; F\u00fcr die Beschaffenheit der Ware sind nur unsere eigenen Angaben und die Produktbeschreibung des Herstellers verbindlich, nicht jedoch \u00f6ffentliche Anpreisungen und \u00c4u\u00dferungen und sonstige Werbung des Herstellers.<br \/>&#8211; Sie sind verpflichtet, die Ware unverz\u00fcglich und mit der gebotenen Sorgfalt auf Qualit\u00e4ts- und Mengenabweichungen zu untersuchen und uns offensichtliche M\u00e4ngel binnen 7 Tagen ab Empfang der Ware anzuzeigen. Zur Fristwahrung reicht die rechtzeitige Absendung. Dies gilt auch f\u00fcr sp\u00e4ter festgestellte verdeckte M\u00e4ngel ab Entdeckung. Bei Verletzung der Untersuchungs- und R\u00fcgepflicht ist die Geltendmachung der Gew\u00e4hrleistungsanspr\u00fcche ausgeschlossen.<br \/>&#8211; Bei M\u00e4ngeln leisten wir nach unserer Wahl Gew\u00e4hr durch Nachbesserung oder Ersatzlieferung (Nacherf\u00fcllung). Im Falle der Nachbesserung m\u00fcssen wir nicht die erh\u00f6hten Kosten tragen, die durch die Verbringung der Ware an einen anderen Ort als den Erf\u00fcllungsort entstehen, sofern die Verbringung nicht dem bestimmungsgem\u00e4\u00dfen Gebrauch der Ware entspricht.<br \/>&#8211; Schl\u00e4gt die Nacherf\u00fcllung zweimal fehl, k\u00f6nnen Sie nach Ihrer Wahl Minderung verlangen oder vom Vertrag zur\u00fccktreten.<br \/>&#8211; Die Gew\u00e4hrleistungsfrist betr\u00e4gt ein Jahr ab Ablieferung der Ware.<\/p>\n<h6>\u00a7 10 Haftung<\/h6>\n<p>(1) Unbeschr\u00e4nkte Haftung:<br \/>Wir haften unbeschr\u00e4nkt f\u00fcr Vorsatz und grobe Fahrl\u00e4ssigkeit sowie nach Ma\u00dfgabe des Produkthaftungsgesetzes. F\u00fcr leichte Fahrl\u00e4ssigkeit haften wir bei Sch\u00e4den aus der Verletzung des Lebens, des K\u00f6rpers und der Gesundheit von Personen.<\/p>\n<p>(2) Im \u00dcbrigen gilt folgende beschr\u00e4nkte Haftung:<br \/>Bei leichter Fahrl\u00e4ssigkeit haften wir nur im Falle der Verletzung einer wesentlichen Vertragspflicht, deren Erf\u00fcllung die ordnungsgem\u00e4\u00dfe Durchf\u00fchrung des Vertrags \u00fcberhaupt erst erm\u00f6glicht und auf deren Einhaltung Sie regelm\u00e4\u00dfig vertrauen d\u00fcrfen (Kardinalpflicht). Die Haftung f\u00fcr leichte Fahrl\u00e4ssigkeit ist der H\u00f6he nach beschr\u00e4nkt auf die bei Vertragsschluss vorhersehbaren Sch\u00e4den, mit deren Entstehung typischerweise gerechnet werden muss. Diese Haftungsbeschr\u00e4nkung gilt auch zugunsten unserer Erf\u00fcllungsgehilfen.<\/p>\n<h6>\u00a7 11 Schlussbestimmungen<\/h6>\n<p>(1) Sollten eine oder mehrere Bestimmungen dieser AGB unwirksam sein oder werden, wird dadurch die Wirksamkeit der anderen Bestimmungen im \u00dcbrigen nicht ber\u00fchrt.<\/p>\n<p>(2) Auf Vertr\u00e4ge zwischen uns und Ihnen ist ausschlie\u00dflich deutsches Recht anwendbar unter Ausschluss der Bestimmungen der United Nations Convention on Contracts for the International Sale of Goods (CISG, \u201eUN-Kaufrecht\u201c).<\/p>\n<p>(3) Sind Sie Kaufmann, juristische Person des \u00f6ffentlichen Rechts oder \u00f6ffentlich-rechtliches Sonderverm\u00f6gen, so ist G\u00f6rlitz, Deutschland Gerichtsstand f\u00fcr alle Streitigkeiten aus oder im Zusammenhang mit Vertr\u00e4gen zwischen uns und Ihnen.<\/p>\n<\/div>\n\t\t\t\t\t\t\t\t\t<div class=\"elementor-tab-title elementor-tab-mobile-title\" aria-selected=\"false\" data-tab=\"2\" role=\"tab\" tabindex=\"-1\" aria-controls=\"elementor-tab-content-6602\" aria-expanded=\"false\">EULA<\/div>\n\t\t\t\t\t<div id=\"elementor-tab-content-6602\" class=\"elementor-tab-content elementor-clearfix\" data-tab=\"2\" role=\"tabpanel\" aria-labelledby=\"elementor-tab-title-6602\" tabindex=\"0\" hidden=\"hidden\"><p>Im folgenden Abschnitt finden Sie den Endbenutzer-Lizenzvertrag welchem Sie beim Erwerb von Lizenzen zustimmen.<\/p>\n<h5>EULA<\/h5>\n<p>ENDBENUTZER-LIZENZVERTRAG f\u00fcr Software Produkte sowie Flugsimulationserweiterungen (bezeichnet als &#8222;Softwareprodukt&#8220; oder &#8222;Software&#8220; im weiteren)<\/p>\n<p>WICHTIG BITTE LESEN SIE DIE BEDINGUNGEN DIESER LIZENZVEREINBARUNG SORGF\u00c4LTIG, BEVOR SIE DEM KAUF DER SOFTWARE ZUSTIMMEN, BEZIEHUNGSWEIE DIE INSTALLATION DES PROGRAMMS FORTSETZEN!<\/p>\n<p>Der Wing42 ENDBENUTZER-LIZENZVERTRAG (EULA) ist ein rechtsg\u00fcltiger Vertrag zwischen Ihnen (entweder eine nat\u00fcrliche oder eine juristische Person) und Otmar Nitsche (Einzelunternehmer) f\u00fcr die &#8222;Wing42&#8220; Software-Produkt(e) und m\u00f6glicherweise dazugeh\u00f6rige Software-Komponenten, Medien, gedruckte Materialien und online oder elektronische Dokumentationen. Durch Installation, Kopieren oder anderweitige Nutzung des Softwareprodukts erkl\u00e4ren Sie sich mit den Bedingungen dieses EULAs gebunden zu sein. Dieser Lizenzvertrag stellt die gesamte Vereinbarung \u00fcber die Nutzung des Programms zwischen Ihnen und Otmar Nitsche (Einzelunternehmer Wing42) (bezeichnet als &#8222;Lizenzgeber&#8220; im weiteren), und ersetzt alle fr\u00fcheren Vertr\u00e4ge, Vertretung, oder Vereinbarungen zwischen den Parteien. Wenn Sie nicht mit den Bedingungen dieser EULA einverstanden sind, installieren oder verwenden Sie nicht das Softwareprodukt.<\/p>\n<p>Die Software ist durch Urheberrechtsgesetze und internationale Copyright-Vertr\u00e4ge, sowie andere Gesetze zum geistigen Eigentum und Vertr\u00e4ge gesch\u00fctzt. Die Software wird lizenziert, nicht verkauft.<\/p>\n<h6>1. Lizenzgew\u00e4hrung<\/h6>\n<p>Die Software wird wie folgt lizenziert:<br \/>(A) Installation und Verwendung.<br \/>Der Lizenzgeber gew\u00e4hrt Ihnen das Recht zur Installation und Nutzung von Kopien der Software auf Ihrem Ger\u00e4t auf dem eine ordnungsgem\u00e4\u00df lizenzierte Kopie des Betriebssystems und die Flugsimulatorplatform, f\u00fcr die das Softwareprodukt entwickelt wurde.<br \/>(B) Sicherungskopien.<br \/>Sie d\u00fcrfen Kopien der Software f\u00fcr die private Sicherung und Archivierung anfertigen.<\/p>\n<h6>2. Beschreibung anderer Rechte und Einschr\u00e4nkungen<\/h6>\n<p>(A) Aufrechterhaltung der Hinweise zum Urheberrecht.<br \/>Sie d\u00fcrfen Urheberrechtsvermerke der Software auf jeglichen Kopien nicht entfernen oder ver\u00e4ndern.<br \/>(B) Verteilung.<br \/>Sie sind nicht berechtigt Kopien des Softwareprodukts an Dritte weiterzugegeben oder zu verkaufen.<br \/>(C) Verbot von Reverse Engineering, Dekompilierung und Disassemblierung.<br \/>Sie d\u00fcrfen die Software nicht zur\u00fcckentwickeln, dekompilieren oder disassemblieren, au\u00dfer und nur in dem Umfang, der ausdr\u00fccklich durch geltendes Recht ungeachtet dieser Einschr\u00e4nkung zul\u00e4ssig ist.<br \/>(D) Vermietung.<br \/>Sie d\u00fcrfen die Software, oder Bestandteile davon, nicht vermieten, verpachten oder verleihen.<br \/>(E) Support Service.<br \/>Der Lizenzgeber kann Ihnen Dienstleistungen (&#8222;Supportleistungen&#8220;) im Zusammenhang mit dem Softwareprodukt bereitstellen. Jeder erg\u00e4nzende Software-Code, der Ihnen als Supportleistungen dieses Softwareprodukts angeboten wird, unterliegt den Bestimmungen und Bedingungen dieses Vertrags.<br \/>(F) Einhaltung der geltenden Gesetze.<br \/>Sie m\u00fcssen allen geltenden Gesetzen bez\u00fcglich der Nutzung der Software nachkommen.<\/p>\n<h6>3. K\u00fcndigung<\/h6>\n<p>Ungeachtet aller sonstigen Rechte kann der Lizenzgeber diesen Lizenzvertrag k\u00fcndigen, wenn Sie gegen die Bedingungen dieses EULAs versto\u00dfen. In einem solchen Fall m\u00fcssen Sie alle Kopien des Softwareprodukts in Ihrem Besitz l\u00f6schen.<\/p>\n<h6>4. Urheberrecht<\/h6>\n<p>Alle Titel, einschlie\u00dflich derer die nicht dem Urheberrecht unterliegen, in und an dem Softwareprodukt sowie alle Kopien davon geh\u00f6ren dem Lizenzgeber oder dessen Lieferanten. Alle Titel und Rechte an dem geistigen Eigentum und an den Inhalten, die durch die Nutzung der Software geschaffen werden k\u00f6nnen, bleiben Eigentum des jeweiligen Besitzers und k\u00f6nnen durch anwendbare Urheberrechtsgesetze und andere Gesetze zum geistigen Eigentum werden und durch Vertr\u00e4ge gesch\u00fctzt werden. Dieses EULA gew\u00e4hrt Ihnen keine Rechte zur Nutzung solcher Inhalte. Alle nicht ausdr\u00fccklich einger\u00e4umten Rechte sind durch den Lizenzgeber reserviert.<\/p>\n<h6>5. Keine Garantie<\/h6>\n<p>Der Lizenzgeber lehnt ausdr\u00fccklich jede Gew\u00e4hrleistung f\u00fcr das Softwareprodukt ab. Das Softwareprodukt wird &#8222;wie bereitgestellt&#8220; ausgeliefert, ohne jegliche ausdr\u00fcckliche oder stillschweigende Gew\u00e4hrleistung jeglicher Art. Der Lizenzgeber \u00fcbernimmt keine Gew\u00e4hr oder Haftung f\u00fcr die Korrektheit oder Vollst\u00e4ndigkeit der Informationen, Texte, Grafiken, Links oder anderer Inhalte die in dem Softwareprodukt enthalten sind. Der Lizenzgeber \u00fcbernimmt keine Garantie hinsichtlich irgendwelcher Sch\u00e4den, die durch die \u00dcbertragung eines Computervirus, Wurm, Zeitbombe, Logikbombe, Trojaner oder andere solche Computerprogramm verursacht werden k\u00f6nnen. Der Lizenzgeber lehnt es weiter ausdr\u00fccklich ab jegliche Gew\u00e4hrleistung oder Zusicherung an Benutzer oder Dritte weiterzugegeben.<\/p>\n<h6>6. Haftungsbeschr\u00e4nkung<\/h6>\n<p>In keinem Fall haftet Der Lizenzgeber f\u00fcr Sch\u00e4den (einschlie\u00dflich, ohne Einschr\u00e4nkung, entgangenen Gewinn, Betriebsunterbrechung, oder verlorene Daten). In keinem Fall nimmt der Lizenzgeber Haftung f\u00fcr Verlust von Daten oder f\u00fcr indirekte, spezielle Sch\u00e4den, zuf\u00e4llige Sch\u00e4den, Folgesch\u00e4den (einschlie\u00dflich entgangenen Gewinns), oder sonstige Sch\u00e4den aus Vertr\u00e4gen, unerlaubter Handlung oder anderweitiger Folgen. Der Lizenzgeber \u00fcbernimmt keine Haftung in Bezug auf den Inhalt des Softwareprodukts, einschlie\u00dflich darin enthaltenen, Verleumdung, Verletzung der Rechte der \u00d6ffentlichkeit, der Privatsph\u00e4re, Markenrechte, Betriebsunterbrechung, pers\u00f6nliche K\u00f6rperverletzung, Verlust von Privatsph\u00e4re, moralische Rechte oder der Weitergabe von vertraulichen Informationen.<\/p>\n<h6>7. Salvatorische Klausel<\/h6>\n<p>Sollten einzelne Bestimmungen dieses Vertrages unwirksam oder undurchf\u00fchrbar sein oder nach Vertragsschluss unwirksam oder undurchf\u00fchrbar werden, bleibt davon die Wirksamkeit des Vertrages im \u00dcbrigen unber\u00fchrt. An die Stelle der unwirksamen oder undurchf\u00fchrbaren Bestimmung soll diejenige wirksame und durchf\u00fchrbare Regelung treten, deren Wirkungen der wirtschaftlichen Zielsetzung am n\u00e4chsten kommen, die die Vertragsparteien mit der unwirksamen bzw. undurchf\u00fchrbaren Bestimmung verfolgt haben. Die vorstehenden Bestimmungen gelten entsprechend f\u00fcr den Fall, dass sich der Vertrag als l\u00fcckenhaft erweist.<\/p>\n<\/div>\n\t\t\t\t\t\t\t<\/div>\n\t\t<\/div>\n\t\t\t\t\t\t<\/div>\n\t\t\t\t<\/div>\n\t\t\t\t\t<\/div>\n\t\t<\/div>\n\t\t\t\t\t<\/div>\n\t\t<\/section>\n\t\t\t\t<section class=\"elementor-section elementor-top-section elementor-element elementor-element-5f6da65 elementor-section-boxed elementor-section-height-default elementor-section-height-default\" data-id=\"5f6da65\" data-element_type=\"section\" data-e-type=\"section\">\n\t\t\t\t\t\t<div class=\"elementor-container elementor-column-gap-default\">\n\t\t\t\t\t<div class=\"elementor-column elementor-col-100 elementor-top-column elementor-element elementor-element-dbe7072\" data-id=\"dbe7072\" data-element_type=\"column\" data-e-type=\"column\">\n\t\t\t<div class=\"elementor-column-wrap--dbe7072 elementor-widget-wrap elementor-element-populated\">\n\t\t\t\t\t\t<div class=\"elementor-element elementor-element-c8fa5cc elementor-widget elementor-widget-spacer\" data-id=\"c8fa5cc\" data-element_type=\"widget\" data-e-type=\"widget\" data-widget_type=\"spacer.default\">\n\t\t\t\t<div class=\"elementor-widget-container\">\n\t\t\t\t\t\t\t<div class=\"elementor-spacer\">\n\t\t\t<div class=\"elementor-spacer-inner\"><\/div>\n\t\t<\/div>\n\t\t\t\t\t\t<\/div>\n\t\t\t\t<\/div>\n\t\t\t\t\t<\/div>\n\t\t<\/div>\n\t\t\t\t\t<\/div>\n\t\t<\/section>\n\t\t\t\t<\/div>\n\t\t","protected":false},"excerpt":{"rendered":"<p>Allgemeine Gesch\u00e4ftsbedingungen EULA Allgemeine Gesch\u00e4ftsbedingungen \u00a7 1 Geltungsbereich und Anbieter (1) Diese Allgemeinen Gesch\u00e4ftsbedingungen gelten f\u00fcr alle Bestellungen, die Sie bei dem Online-Shop &#8220;Wing42&#8221; des Einzelunternehmers Otmar Nitsche t\u00e4tigen. Kontakt:Wing42Otmar NitscheBlumenstr. 2802826 G\u00f6rlitzGermany (2) Das Warenangebot in unserem Online-Shop richtet sich ausschlie\u00dflich an K\u00e4ufer, die das 18. Lebensjahr vollendet haben. (3) Unsere Lieferungen, Leistungen und Angebote erfolgen ausschlie\u00dflich auf der Grundlage dieser Allgemeinen Gesch\u00e4ftsbedingungen. Die Allgemeinen Gesch\u00e4ftsbedingungen gelten gegen\u00fcber Unternehmen somit auch f\u00fcr alle k\u00fcnftigen Gesch\u00e4ftsbeziehungen, auch wenn sie nicht nochmals ausdr\u00fccklich vereinbart werden. Der Einbeziehung von Allgemeinen Gesch\u00e4ftsbedingungen eines [&hellip;]<\/p>\n","protected":false},"author":1,"featured_media":0,"parent":0,"menu_order":0,"comment_status":"closed","ping_status":"closed","template":"","meta":{"_acf_changed":false,"footnotes":""},"class_list":["post-3830","page","type-page","status-publish","hentry"],"acf":[],"_links":{"self":[{"href":"https:\/\/wing42.com\/de\/wp-json\/wp\/v2\/pages\/3830","targetHints":{"allow":["GET"]}}],"collection":[{"href":"https:\/\/wing42.com\/de\/wp-json\/wp\/v2\/pages"}],"about":[{"href":"https:\/\/wing42.com\/de\/wp-json\/wp\/v2\/types\/page"}],"author":[{"embeddable":true,"href":"https:\/\/wing42.com\/de\/wp-json\/wp\/v2\/users\/1"}],"replies":[{"embeddable":true,"href":"https:\/\/wing42.com\/de\/wp-json\/wp\/v2\/comments?post=3830"}],"version-history":[{"count":1,"href":"https:\/\/wing42.com\/de\/wp-json\/wp\/v2\/pages\/3830\/revisions"}],"predecessor-version":[{"id":3831,"href":"https:\/\/wing42.com\/de\/wp-json\/wp\/v2\/pages\/3830\/revisions\/3831"}],"wp:attachment":[{"href":"https:\/\/wing42.com\/de\/wp-json\/wp\/v2\/media?parent=3830"}],"curies":[{"name":"wp","href":"https:\/\/api.w.org\/{rel}","templated":true}]}}