{"id":3648,"date":"2021-03-03T18:55:49","date_gmt":"2021-03-03T17:55:49","guid":{"rendered":"https:\/\/wing42.com\/haeufig-gestellte-fragen\/"},"modified":"2021-03-03T19:42:24","modified_gmt":"2021-03-03T18:42:24","slug":"haeufig-gestellte-fragen","status":"publish","type":"page","link":"https:\/\/wing42.com\/de\/haeufig-gestellte-fragen\/","title":{"rendered":"H\u00e4ufig gestellte Fragen"},"content":{"rendered":"\t\t<div data-elementor-type=\"wp-post\" data-elementor-id=\"3648\" class=\"elementor elementor-3648 elementor-584\" data-elementor-post-type=\"page\">\n\t\t\t\t\t\t<section class=\"elementor-section elementor-top-section elementor-element elementor-element-5d47f87 rey-flexWrap elementor-section-boxed elementor-section-height-default elementor-section-height-default\" data-id=\"5d47f87\" data-element_type=\"section\" data-e-type=\"section\">\n\t\t\t\t\t\t<div class=\"elementor-container elementor-column-gap-default\">\n\t\t\t\t\t<div class=\"elementor-column elementor-col-50 elementor-top-column elementor-element elementor-element-a0e3a3e\" data-id=\"a0e3a3e\" data-element_type=\"column\" data-e-type=\"column\">\n\t\t\t<div class=\"elementor-column-wrap--a0e3a3e elementor-widget-wrap elementor-element-populated\">\n\t\t\t\t\t\t<div class=\"elementor-element elementor-element-11f07ce elementor-widget elementor-widget-heading\" data-id=\"11f07ce\" data-element_type=\"widget\" data-e-type=\"widget\" data-widget_type=\"heading.default\">\n\t\t\t\t<div class=\"elementor-widget-container\">\n\t\t\t\t\t<h1 class=\"elementor-heading-title elementor-size-default\">H\u00e4ufig gestellte Fragen<\/h1>\t\t\t\t<\/div>\n\t\t\t\t<\/div>\n\t\t\t\t\t<\/div>\n\t\t<\/div>\n\t\t\t\t<div class=\"elementor-column elementor-col-50 elementor-top-column elementor-element elementor-element-63f5ea8\" data-id=\"63f5ea8\" data-element_type=\"column\" data-e-type=\"column\">\n\t\t\t<div class=\"elementor-column-wrap--63f5ea8 elementor-widget-wrap elementor-element-populated\">\n\t\t\t\t\t\t<div class=\"elementor-element elementor-element-229c20e elementor-widget elementor-widget-heading\" data-id=\"229c20e\" data-element_type=\"widget\" data-e-type=\"widget\" data-widget_type=\"heading.default\">\n\t\t\t\t<div class=\"elementor-widget-container\">\n\t\t\t\t\t<h2 class=\"elementor-heading-title elementor-size-default\">Die Lockheed Vega<\/h2>\t\t\t\t<\/div>\n\t\t\t\t<\/div>\n\t\t\t\t<div class=\"elementor-element elementor-element-f9ffbd7 elementor-widget elementor-widget-text-editor\" data-id=\"f9ffbd7\" data-element_type=\"widget\" data-e-type=\"widget\" data-widget_type=\"text-editor.default\">\n\t\t\t\t<div class=\"elementor-widget-container\">\n\t\t\t\t\t\t\t\t\t<h4>Was wurde aus der P3D\/FSX Vega<\/h4>\n<p>TL \/ DR: Sie wird fertig werden, aber es gibt noch mehr Verz\u00f6gerungen.<\/p>\n<p>Die lange Antwort:<\/p>\n<p>Als Microsoft 2019 Microsoft Flight Simulator ank\u00fcndigte, war die P3D \/ FSX Vega bereits exrtem verz\u00f6gert. Der Grund f\u00fcr die Verz\u00f6gerung ist vielf\u00e4ltig und ich habe in unserem Entwicklungsblog viel \u00fcber die verschiedenen Schwierigkeiten geschrieben. Das Problem war, dass mit der Ank\u00fcndigung von MSFS die Verk\u00e4ufe f\u00fcr die Early Access Vega praktisch auf Null sanken. Und damit Wing42 \u00fcberleben kann, muss Geld verdient werden. Aus diesem Grund habe ich mich entschieden die A<a href=\"https:\/\/wing42.com\/wing42-for-msfs\/\">rbeit vorerst auf den MSFS zu konzentrieren<\/a>.<\/p>\n<p>Ich m\u00f6chte klarstellen: Dies bedeutet nicht, dass die Entwicklung der P3D\/FSX Vega aufgegeben wird! Ich muss jedoch zuerst die Finanzierung f\u00fcr die n\u00e4chste Entwicklungsrunde sicherstellen, bevor wir mit ihr weitermachen k\u00f6nnen.<\/p>\n\t\t\t\t\t\t\t\t<\/div>\n\t\t\t\t<\/div>\n\t\t\t\t<div class=\"elementor-element elementor-element-255ddbf elementor-widget elementor-widget-text-editor\" data-id=\"255ddbf\" data-element_type=\"widget\" data-e-type=\"widget\" data-widget_type=\"text-editor.default\">\n\t\t\t\t<div class=\"elementor-widget-container\">\n\t\t\t\t\t\t\t\t\t<h4>Wo ist die MSFS Vega?<\/h4>\n<p>Sie kommt ebenso! Die Entwicklung f\u00fcr das neue MSFS bringt viele neue Dinge mit sich, die es zu lernen gilt, und viele neue Fallstricke, in der wir Entwickler uns mindestens einmal verheddern m\u00fcssen. Gib uns etwas Zeit und sie wird f\u00fcr Dich bereit sein!<\/p>\n\t\t\t\t\t\t\t\t<\/div>\n\t\t\t\t<\/div>\n\t\t\t\t\t<\/div>\n\t\t<\/div>\n\t\t\t\t\t<\/div>\n\t\t<\/section>\n\t\t\t\t<section class=\"elementor-section elementor-top-section elementor-element elementor-element-4b5c55b elementor-section-boxed elementor-section-height-default elementor-section-height-default\" data-id=\"4b5c55b\" data-element_type=\"section\" data-e-type=\"section\">\n\t\t\t\t\t\t<div class=\"elementor-container elementor-column-gap-default\">\n\t\t\t\t\t<div class=\"elementor-column elementor-col-100 elementor-top-column elementor-element elementor-element-9c14508\" data-id=\"9c14508\" data-element_type=\"column\" data-e-type=\"column\">\n\t\t\t<div class=\"elementor-column-wrap--9c14508 elementor-widget-wrap elementor-element-populated\">\n\t\t\t\t\t\t<div class=\"elementor-element elementor-element-a0bb62e elementor-widget elementor-widget-heading\" data-id=\"a0bb62e\" data-element_type=\"widget\" data-e-type=\"widget\" data-widget_type=\"heading.default\">\n\t\t\t\t<div class=\"elementor-widget-container\">\n\t\t\t\t\t<h2 class=\"elementor-heading-title elementor-size-default\">prop-o-tronic<\/h2>\t\t\t\t<\/div>\n\t\t\t\t<\/div>\n\t\t\t\t<div class=\"elementor-element elementor-element-5a7428a elementor-widget elementor-widget-text-editor\" data-id=\"5a7428a\" data-element_type=\"widget\" data-e-type=\"widget\" data-widget_type=\"text-editor.default\">\n\t\t\t\t<div class=\"elementor-widget-container\">\n\t\t\t\t\t\t\t\t\t<h4>Was ist prop-o-tronic?<\/h4>\n<p>Prop-o-tronic ist die Wing42-physics-engine. Es ist eine Sammlung von Algorithmen, die die physikalischen Prozesse in einem Flugzeug simulieren. F\u00fcr den P3D Vega kann das Modul das elektrische System, die vakuum- und barometrischen Systeme sowie den Verbrennungsprozess im Motor genau simulieren.<\/p>\n<p>Es wird verwendet, um den Verschlei\u00df von Flugzeugkomponenten zu bestimmen, Ausf\u00e4lle und kleinere Pannen zu simulieren.<\/p>\n<p>F\u00fcr die P3D\/FSX Vega ist prop-o-tronic in einer DLL-Datei enthalten, die \u00fcber simConnect mit dem Flugzeug Addon interagiert.<\/p>\n\t\t\t\t\t\t\t\t<\/div>\n\t\t\t\t<\/div>\n\t\t\t\t<div class=\"elementor-element elementor-element-e6f7972 elementor-widget elementor-widget-text-editor\" data-id=\"e6f7972\" data-element_type=\"widget\" data-e-type=\"widget\" data-widget_type=\"text-editor.default\">\n\t\t\t\t<div class=\"elementor-widget-container\">\n\t\t\t\t\t\t\t\t\t<h4>Wird es Prop-o-tronic f\u00fcr den MSFS geben?<\/h4>\n<p>Aber sicher!<\/p>\n\t\t\t\t\t\t\t\t<\/div>\n\t\t\t\t<\/div>\n\t\t\t\t<div class=\"elementor-element elementor-element-2fd99fd elementor-widget elementor-widget-text-editor\" data-id=\"2fd99fd\" data-element_type=\"widget\" data-e-type=\"widget\" data-widget_type=\"text-editor.default\">\n\t\t\t\t<div class=\"elementor-widget-container\">\n\t\t\t\t\t\t\t\t\t<h4>Wann wird es prop-o-tronic f\u00fcr den MSFS geben?<\/h4>\n<p>MSFS kann nicht mehr mit externen DLL-Dateien kommunizieren. Infolge dieser \u00c4nderung m\u00fcssen wir das gesamte System von Grund auf neu schreiben.<\/p>\n<p>Es wird eine ganze Weile dauern, aber ich arbeite daran!<\/p>\n<p>ETA: keine Ahnung. Ich werde Bescheid sagen wenn ich mehr wei\u00df!<\/p>\n\t\t\t\t\t\t\t\t<\/div>\n\t\t\t\t<\/div>\n\t\t\t\t\t<\/div>\n\t\t<\/div>\n\t\t\t\t\t<\/div>\n\t\t<\/section>\n\t\t\t\t<section class=\"elementor-section elementor-top-section elementor-element elementor-element-8da4589 elementor-section-boxed elementor-section-height-default elementor-section-height-default\" data-id=\"8da4589\" data-element_type=\"section\" data-e-type=\"section\">\n\t\t\t\t\t\t<div class=\"elementor-container elementor-column-gap-default\">\n\t\t\t\t\t<div class=\"elementor-column elementor-col-100 elementor-top-column elementor-element elementor-element-7713bca\" data-id=\"7713bca\" data-element_type=\"column\" data-e-type=\"column\">\n\t\t\t<div class=\"elementor-column-wrap--7713bca elementor-widget-wrap elementor-element-populated\">\n\t\t\t\t\t\t<div class=\"elementor-element elementor-element-af24e51 elementor-widget elementor-widget-heading\" data-id=\"af24e51\" data-element_type=\"widget\" data-e-type=\"widget\" data-widget_type=\"heading.default\">\n\t\t\t\t<div class=\"elementor-widget-container\">\n\t\t\t\t\t<h2 class=\"elementor-heading-title elementor-size-default\">Flight Simulator Addons<\/h2>\t\t\t\t<\/div>\n\t\t\t\t<\/div>\n\t\t\t\t<div class=\"elementor-element elementor-element-85419c7 elementor-widget elementor-widget-text-editor\" data-id=\"85419c7\" data-element_type=\"widget\" data-e-type=\"widget\" data-widget_type=\"text-editor.default\">\n\t\t\t\t<div class=\"elementor-widget-container\">\n\t\t\t\t\t\t\t\t\t<h4>Ich habe einen Fehler gefunden\/habe eine Idee f\u00fcr eine Verbesserung!<\/h4>\n<p>Lass es uns wissen! Kontaktiere uns \u00fcber soziale Medien \u2013 <a href=\"https:\/\/twitter.com\/simwing42\" target=\"_blank\" rel=\"noopener\">Twitter<\/a>, <a href=\"https:\/\/facebook.com\/simwing42\" target=\"_blank\" rel=\"noopener\">Facebook<\/a>\u2013 oder schreibe uns einfach eine <a href=\"https:\/\/wing42.com\/contact-us\/\" target=\"_blank\" rel=\"noopener\">E-Mail<\/a> mit dem Problem \/ Vorschlag.<\/p>\n\t\t\t\t\t\t\t\t<\/div>\n\t\t\t\t<\/div>\n\t\t\t\t<div class=\"elementor-element elementor-element-40c6d19 elementor-widget elementor-widget-text-editor\" data-id=\"40c6d19\" data-element_type=\"widget\" data-e-type=\"widget\" data-widget_type=\"text-editor.default\">\n\t\t\t\t<div class=\"elementor-widget-container\">\n\t\t\t\t\t\t\t\t\t<h4>Ich habe eine Idee f\u00fcr ein neues Flugzeug-Addon!<\/h4>\n<p>Obwohl ich gespannt bin, Deine Idee zu h\u00f6ren, kann ich Dir direkt sagen, dass es zumindest nicht sehr bald passieren wird. Wir sind in der Regel mindestens ein Jahr im Voraus ausgebucht, wenn nicht l\u00e4nger.<\/p>\n\t\t\t\t\t\t\t\t<\/div>\n\t\t\t\t<\/div>\n\t\t\t\t\t<\/div>\n\t\t<\/div>\n\t\t\t\t\t<\/div>\n\t\t<\/section>\n\t\t\t\t<section class=\"elementor-section elementor-top-section elementor-element elementor-element-70c98ac elementor-section-boxed elementor-section-height-default elementor-section-height-default\" data-id=\"70c98ac\" data-element_type=\"section\" data-e-type=\"section\">\n\t\t\t\t\t\t<div class=\"elementor-container elementor-column-gap-default\">\n\t\t\t\t\t<div class=\"elementor-column elementor-col-100 elementor-top-column elementor-element elementor-element-5d0f0dc\" data-id=\"5d0f0dc\" data-element_type=\"column\" data-e-type=\"column\">\n\t\t\t<div class=\"elementor-column-wrap--5d0f0dc elementor-widget-wrap elementor-element-populated\">\n\t\t\t\t\t\t<div class=\"elementor-element elementor-element-511f42c elementor-widget elementor-widget-heading\" data-id=\"511f42c\" data-element_type=\"widget\" data-e-type=\"widget\" data-widget_type=\"heading.default\">\n\t\t\t\t<div class=\"elementor-widget-container\">\n\t\t\t\t\t<h2 class=\"elementor-heading-title elementor-size-default\">Die Webseite<\/h2>\t\t\t\t<\/div>\n\t\t\t\t<\/div>\n\t\t\t\t<div class=\"elementor-element elementor-element-d6bd36b elementor-widget elementor-widget-text-editor\" data-id=\"d6bd36b\" data-element_type=\"widget\" data-e-type=\"widget\" data-widget_type=\"text-editor.default\">\n\t\t\t\t<div class=\"elementor-widget-container\">\n\t\t\t\t\t\t\t\t\t<h4>Ich habe meine E-Mail Adresse\/mein Passwort vergessen. Kannst Du mein Konto wiederherstellen?<\/h4>\n<p>Unsere Website bietet automatisierte Optionen zum Wiederherstellen Deines Kundenkontos. Dies solltest Du unbedingt zuerst ausprobieren. Wenn Du Dich dennoch nicht in Dein Konto einloggen kannst, sende uns bitte eine E-Mail und wir finden gemeinsam eine L\u00f6sung! Auf der Website gibt es ein Kontaktformular, das Du f\u00fcr diesen Zweck verwenden kannst.<\/p>\n\t\t\t\t\t\t\t\t<\/div>\n\t\t\t\t<\/div>\n\t\t\t\t<div class=\"elementor-element elementor-element-e740bdc elementor-widget elementor-widget-text-editor\" data-id=\"e740bdc\" data-element_type=\"widget\" data-e-type=\"widget\" data-widget_type=\"text-editor.default\">\n\t\t\t\t<div class=\"elementor-widget-container\">\n\t\t\t\t\t\t\t\t\t<h4>Ich habe Schwierigkeiten mit dem Download\/Die Datei scheint kaputt zu sein. Was soll ich tun?<\/h4>\n<p>Die Servergeschwindigkeit kann schwanken. Dies ist insbesondere nach dem Release eines Updates oder einer gro\u00dfen Ank\u00fcndigung der Fall. Wenn das Problem weiterhin besteht, setze Dich bitte mit uns in Verbindung und wir finden eine L\u00f6sung!<\/p>\n<p>Wenn das Problem weiterhin besteht, setze Dich bitte mit uns in Verbindung und wir finden eine L\u00f6sung!<\/p>\n\t\t\t\t\t\t\t\t<\/div>\n\t\t\t\t<\/div>\n\t\t\t\t<div class=\"elementor-element elementor-element-6670d8e elementor-widget elementor-widget-text-editor\" data-id=\"6670d8e\" data-element_type=\"widget\" data-e-type=\"widget\" data-widget_type=\"text-editor.default\">\n\t\t\t\t<div class=\"elementor-widget-container\">\n\t\t\t\t\t\t\t\t\t<h4>Wird es wieder ein Forum geben?<\/h4>\n<p>Im Moment fehlt mir einfach die Zeit, um das Forum in angemessener Weise zu pflegen. Wenn wir Leute finden, die bei dem Betrieb des Forums helfen k\u00f6nnen werden wir wahrscheinlich wieder eines einrichten.<\/p>\n\t\t\t\t\t\t\t\t<\/div>\n\t\t\t\t<\/div>\n\t\t\t\t\t<\/div>\n\t\t<\/div>\n\t\t\t\t\t<\/div>\n\t\t<\/section>\n\t\t\t\t<section class=\"elementor-section elementor-top-section elementor-element elementor-element-17aa849 elementor-section-boxed elementor-section-height-default elementor-section-height-default\" data-id=\"17aa849\" data-element_type=\"section\" data-e-type=\"section\">\n\t\t\t\t\t\t<div class=\"elementor-container elementor-column-gap-default\">\n\t\t\t\t\t<div class=\"elementor-column elementor-col-100 elementor-top-column elementor-element elementor-element-7749433\" data-id=\"7749433\" data-element_type=\"column\" data-e-type=\"column\">\n\t\t\t<div class=\"elementor-column-wrap--7749433 elementor-widget-wrap elementor-element-populated\">\n\t\t\t\t\t\t<div class=\"elementor-element elementor-element-45391e4 elementor-widget elementor-widget-heading\" data-id=\"45391e4\" data-element_type=\"widget\" data-e-type=\"widget\" data-widget_type=\"heading.default\">\n\t\t\t\t<div class=\"elementor-widget-container\">\n\t\t\t\t\t<h2 class=\"elementor-heading-title elementor-size-default\">Bestellungen<\/h2>\t\t\t\t<\/div>\n\t\t\t\t<\/div>\n\t\t\t\t<div class=\"elementor-element elementor-element-f023238 elementor-widget elementor-widget-text-editor\" data-id=\"f023238\" data-element_type=\"widget\" data-e-type=\"widget\" data-widget_type=\"text-editor.default\">\n\t\t\t\t<div class=\"elementor-widget-container\">\n\t\t\t\t\t\t\t\t\t<h4>Dein Add-On gef\u00e4llt mir nicht. Kann ich es zur\u00fcckerstatten?<\/h4>\n<p>K\u00e4ufe von herunterladbaren Produkten sind aufgrund ihrer Beschaffenheit nicht erstattungsf\u00e4hig. <\/p>\n\t\t\t\t\t\t\t\t<\/div>\n\t\t\t\t<\/div>\n\t\t\t\t<div class=\"elementor-element elementor-element-d3e56f5 elementor-widget elementor-widget-text-editor\" data-id=\"d3e56f5\" data-element_type=\"widget\" data-e-type=\"widget\" data-widget_type=\"text-editor.default\">\n\t\t\t\t<div class=\"elementor-widget-container\">\n\t\t\t\t\t\t\t\t\t<h4>Ich habe versehentlich zwei Exemplare gekauft. Kann ich eines zur\u00fcckerstattet bekommen?<\/h4>\n<p>Wir machen eine Ausnahmen von der obigen Regel, wenn der Kauf versehentlich war. Schreibe uns eine E-Mail und wir k\u00fcmmern uns darum!<\/p>\n\t\t\t\t\t\t\t\t<\/div>\n\t\t\t\t<\/div>\n\t\t\t\t\t<\/div>\n\t\t<\/div>\n\t\t\t\t\t<\/div>\n\t\t<\/section>\n\t\t\t\t<section class=\"elementor-section elementor-top-section elementor-element elementor-element-489a7f6 elementor-section-boxed elementor-section-height-default elementor-section-height-default\" data-id=\"489a7f6\" data-element_type=\"section\" data-e-type=\"section\">\n\t\t\t\t\t\t<div class=\"elementor-container elementor-column-gap-default\">\n\t\t\t\t\t<div class=\"elementor-column elementor-col-100 elementor-top-column elementor-element elementor-element-fd7b9f2\" data-id=\"fd7b9f2\" data-element_type=\"column\" data-e-type=\"column\">\n\t\t\t<div class=\"elementor-column-wrap--fd7b9f2 elementor-widget-wrap elementor-element-populated\">\n\t\t\t\t\t\t<div class=\"elementor-element elementor-element-7ca62d9 elementor-widget elementor-widget-heading\" data-id=\"7ca62d9\" data-element_type=\"widget\" data-e-type=\"widget\" data-widget_type=\"heading.default\">\n\t\t\t\t<div class=\"elementor-widget-container\">\n\t\t\t\t\t<h2 class=\"elementor-heading-title elementor-size-default\">Allgemeine Fragen<\/h2>\t\t\t\t<\/div>\n\t\t\t\t<\/div>\n\t\t\t\t<div class=\"elementor-element elementor-element-3495e5d elementor-widget elementor-widget-text-editor\" data-id=\"3495e5d\" data-element_type=\"widget\" data-e-type=\"widget\" data-widget_type=\"text-editor.default\">\n\t\t\t\t<div class=\"elementor-widget-container\">\n\t\t\t\t\t\t\t\t\t<h4>Wie viele Leute arbeiten bei Wing42?<\/h4>\n<p><span style=\"background-color: var(--body-bg); color: var(--body-color); font-family: var(--body-font-family), sans-serif; font-size: var(--body-font-size); font-weight: var(--body-font-weight);\">Wing42 ist im Moment wirklich nur eine Person. Wir arbeiten jedoch mit anderen Entwicklern zusammen und einige Auftr\u00e4ge werden an Dritte vergeben.<br \/><\/span><\/p>\n\t\t\t\t\t\t\t\t<\/div>\n\t\t\t\t<\/div>\n\t\t\t\t<div class=\"elementor-element elementor-element-f4742d8 elementor-widget elementor-widget-spacer\" data-id=\"f4742d8\" data-element_type=\"widget\" data-e-type=\"widget\" data-widget_type=\"spacer.default\">\n\t\t\t\t<div class=\"elementor-widget-container\">\n\t\t\t\t\t\t\t<div class=\"elementor-spacer\">\n\t\t\t<div class=\"elementor-spacer-inner\"><\/div>\n\t\t<\/div>\n\t\t\t\t\t\t<\/div>\n\t\t\t\t<\/div>\n\t\t\t\t<div class=\"elementor-element elementor-element-47f8fed elementor-position-inline-start elementor-view-default elementor-mobile-position-block-start elementor-widget elementor-widget-icon-box\" data-id=\"47f8fed\" data-element_type=\"widget\" data-e-type=\"widget\" data-widget_type=\"icon-box.default\">\n\t\t\t\t<div class=\"elementor-widget-container\">\n\t\t\t\t\t\t\t<div class=\"elementor-icon-box-wrapper\">\n\n\t\t\t\t\t\t<div class=\"elementor-icon-box-icon\">\n\t\t\t\t<a href=\"https:\/\/wing42.com\/de\/kontaktiere-uns\/\" class=\"elementor-icon elementor-animation-wobble-horizontal\" tabindex=\"-1\" aria-label=\"Hast Du immer noch Fragen? Schreibe uns eine E-Mail!\">\n\t\t\t\t<i aria-hidden=\"true\" class=\"fas fa-question\"><\/i>\t\t\t\t<\/a>\n\t\t\t<\/div>\n\t\t\t\n\t\t\t\t\t\t<div class=\"elementor-icon-box-content\">\n\n\t\t\t\t\t\t\t\t\t<h3 class=\"elementor-icon-box-title\">\n\t\t\t\t\t\t<a href=\"https:\/\/wing42.com\/de\/kontaktiere-uns\/\" >\n\t\t\t\t\t\t\tHast Du immer noch Fragen? Schreibe uns eine E-Mail!\t\t\t\t\t\t<\/a>\n\t\t\t\t\t<\/h3>\n\t\t\t\t\n\t\t\t\t\n\t\t\t<\/div>\n\t\t\t\n\t\t<\/div>\n\t\t\t\t\t\t<\/div>\n\t\t\t\t<\/div>\n\t\t\t\t\t<\/div>\n\t\t<\/div>\n\t\t\t\t\t<\/div>\n\t\t<\/section>\n\t\t\t\t<section class=\"elementor-section elementor-top-section elementor-element elementor-element-6cdb1aa elementor-section-boxed elementor-section-height-default elementor-section-height-default\" data-id=\"6cdb1aa\" data-element_type=\"section\" data-e-type=\"section\">\n\t\t\t\t\t\t<div class=\"elementor-container elementor-column-gap-default\">\n\t\t\t\t\t<div class=\"elementor-column elementor-col-100 elementor-top-column elementor-element elementor-element-a16d8c1\" data-id=\"a16d8c1\" data-element_type=\"column\" data-e-type=\"column\">\n\t\t\t<div class=\"elementor-column-wrap--a16d8c1 elementor-widget-wrap elementor-element-populated\">\n\t\t\t\t\t\t<div class=\"elementor-element elementor-element-e10e8cc elementor-widget elementor-widget-spacer\" data-id=\"e10e8cc\" data-element_type=\"widget\" data-e-type=\"widget\" data-widget_type=\"spacer.default\">\n\t\t\t\t<div class=\"elementor-widget-container\">\n\t\t\t\t\t\t\t<div class=\"elementor-spacer\">\n\t\t\t<div class=\"elementor-spacer-inner\"><\/div>\n\t\t<\/div>\n\t\t\t\t\t\t<\/div>\n\t\t\t\t<\/div>\n\t\t\t\t\t<\/div>\n\t\t<\/div>\n\t\t\t\t\t<\/div>\n\t\t<\/section>\n\t\t\t\t<\/div>\n\t\t","protected":false},"excerpt":{"rendered":"<p>H\u00e4ufig gestellte Fragen Die Lockheed Vega Was wurde aus der P3D\/FSX Vega TL \/ DR: Sie wird fertig werden, aber es gibt noch mehr Verz\u00f6gerungen. Die lange Antwort: Als Microsoft 2019 Microsoft Flight Simulator ank\u00fcndigte, war die P3D \/ FSX Vega bereits exrtem verz\u00f6gert. Der Grund f\u00fcr die Verz\u00f6gerung ist vielf\u00e4ltig und ich habe in unserem Entwicklungsblog viel \u00fcber die verschiedenen Schwierigkeiten geschrieben. Das Problem war, dass mit der Ank\u00fcndigung von MSFS die Verk\u00e4ufe f\u00fcr die Early Access Vega praktisch auf Null sanken. Und damit Wing42 \u00fcberleben kann, muss Geld [&hellip;]<\/p>\n","protected":false},"author":1,"featured_media":0,"parent":0,"menu_order":0,"comment_status":"closed","ping_status":"closed","template":"template-builder.php","meta":{"_acf_changed":false,"footnotes":""},"class_list":["post-3648","page","type-page","status-publish","hentry"],"acf":[],"_links":{"self":[{"href":"https:\/\/wing42.com\/de\/wp-json\/wp\/v2\/pages\/3648","targetHints":{"allow":["GET"]}}],"collection":[{"href":"https:\/\/wing42.com\/de\/wp-json\/wp\/v2\/pages"}],"about":[{"href":"https:\/\/wing42.com\/de\/wp-json\/wp\/v2\/types\/page"}],"author":[{"embeddable":true,"href":"https:\/\/wing42.com\/de\/wp-json\/wp\/v2\/users\/1"}],"replies":[{"embeddable":true,"href":"https:\/\/wing42.com\/de\/wp-json\/wp\/v2\/comments?post=3648"}],"version-history":[{"count":2,"href":"https:\/\/wing42.com\/de\/wp-json\/wp\/v2\/pages\/3648\/revisions"}],"predecessor-version":[{"id":3661,"href":"https:\/\/wing42.com\/de\/wp-json\/wp\/v2\/pages\/3648\/revisions\/3661"}],"wp:attachment":[{"href":"https:\/\/wing42.com\/de\/wp-json\/wp\/v2\/media?parent=3648"}],"curies":[{"name":"wp","href":"https:\/\/api.w.org\/{rel}","templated":true}]}}